{"id":982,"date":"2014-09-08T17:51:51","date_gmt":"2014-09-08T15:51:51","guid":{"rendered":"http:\/\/www.tontraegerberlin.de\/wordpress\/?page_id=982"},"modified":"2016-10-16T16:06:49","modified_gmt":"2016-10-16T14:06:49","slug":"hoeren-2","status":"publish","type":"page","link":"https:\/\/www.tontraegerberlin.de\/wordpress\/?page_id=982","title":{"rendered":"H\u00d6REN"},"content":{"rendered":"<p><embed width=\"400\" height=\"134\" src=\"http:\/\/www.tontraegerberlin.de\/player\/mediaplayer.swf\" allowscriptaccess=\"always\" allowfullscreen=\"allowfullscreen\" flashvars=\"height=134&amp;width=400&amp;file=http:\/\/www.tontraegerberlin.de\/player\/playlist.xml&amp;displaywidth=140&amp;searchbar=false&amp;thumbsinplaylist=false\"><\/embed><\/p>\n<table border=\"0\" width=\"100%\" cellspacing=\"0\" cellpadding=\"0\" align=\"left\">\n<tr>\n<td colspan=\"3\">\n<h3>Bisher ver\u00f6ffentlichte Alben<\/h3>\n<p><\/td>\n<\/tr>\n<tr>\n<td valign=\"top\"><a href=\"bilder\/alben\/inderhand.jpg\"><img decoding=\"async\" style=\"padding: 1px;\" src=\"http:\/\/www.tontraegerberlin.de\/bilder\/alben\/inderhand_klein.jpg\" alt=\"\" width=\"146\"><\/a><\/td>\n<td align=\"left\" width=\"10\"><img decoding=\"async\" loading=\"lazy\" src=\"http:\/\/www.tontraegerberlin.de\/spacer.gif\" alt=\"\" width=\"10\" height=\"1\" align=\"left\" border=\"0\"><\/td>\n<td class=\"haupt\" align=\"left\" valign=\"top\"><img decoding=\"async\" loading=\"lazy\" src=\"http:\/\/www.tontraegerberlin.de\/spacer.gif\" alt=\"\" width=\"435\" height=\"1\" border=\"0\"><\/p>\n<div class=\"mitback\" align=\"left\"><a name=\"inderhand\"><\/a><span style=\"color: #920000;\">In der Hand<\/span><\/div>\n<p><span style=\"text-decoration: underline;\">Erschienen<\/span>: 02.11.2015<br \/>\n<span style=\"text-decoration: underline;\">Tracks<\/span>: 10 + 2 Bonus<br \/>\n<span style=\"text-decoration: underline;\">Kosten<\/span>: 15 Euro<br \/>\n<span style=\"text-decoration: underline;\">Studio<\/span>: Tongue Twist Studios<\/p>\n<p><a href=\"https:\/\/www.reimkultur-mv.de\/?SPId=tt#tt2015a\"><img decoding=\"async\" loading=\"lazy\" src=\"http:\/\/www.tontraegerberlin.de\/bilder\/bestellen.gif\" alt=\"\" width=\"106\" height=\"20\" border=\"0\" \/><\/a><\/td>\n<\/tr>\n<tr>\n<td colspan=\"3\" align=\"center\">\n<table border=\"0\" cellspacing=\"0\" cellpadding=\"0\">\n<tr>\n<td width=\"40\"><img decoding=\"async\" loading=\"lazy\" src=\"http:\/\/www.tontraegerberlin.de\/spacer.gif\" alt=\"\" width=\"40\" height=\"1\" border=\"0\" \/><\/td>\n<td width=\"450\"><img decoding=\"async\" loading=\"lazy\" src=\"http:\/\/www.tontraegerberlin.de\/spacer.gif\" alt=\"\" width=\"450\" height=\"1\" border=\"0\" \/><\/td>\n<\/tr>\n<tr>\n<td width=\"20\">01<\/td>\n<td align=\"left\">M\u00fcssten wir uns nicht k\u00fcssen <i>4:36<\/i> <!--| <a href=\"#\" onClick=\"NewWindow=window.open('http:\/\/www.tontraegerberlin.de\/texte\/trostlos.html', 'Trostlose Torten', 'toolbar=no,location=no,directories=no,status=no,menubar=no,scrollbars=yes,resizable=no,width=500,height=500,left=100,top=100'); return false; \">Text<\/a>--><\/td>\n<\/tr>\n<tr class=\"rot\">\n<td width=\"20\">02<\/td>\n<td align=\"left\">Das war nicht ich <i>3:22<\/i> <!--| <a href=\"#\" onClick=\"NewWindow=window.open('http:\/\/www.tontraegerberlin.de\/texte\/vomschei.html', 'Vom Scheitern der Menschlichkeit', 'toolbar=no,location=no,directories=no,status=no,menubar=no,scrollbars=yes,resizable=no,width=500,height=500,left=100,top=100'); return false; \">Text<\/a>--><\/td>\n<\/tr>\n<tr>\n<td width=\"20\">03<\/td>\n<td align=\"left\">Gute Reise <i>2:45<\/i><!-- | <a href=\"#\" onClick=\"NewWindow=window.open('http:\/\/www.tontraegerberlin.de\/texte\/meintest.html', 'Mein Testament', 'toolbar=no,location=no,directories=no,status=no,menubar=no,scrollbars=yes,resizable=no,width=500,height=500,left=100,top=100'); return false; \">Text<\/a>--><\/td>\n<\/tr>\n<tr class=\"rot\">\n<td width=\"20\">04<\/td>\n<td align=\"left\">1 cm <i>3:20<\/i><!-- | <a href=\"#\" onClick=\"NewWindow=window.open('http:\/\/www.tontraegerberlin.de\/texte\/lamour.html', 'L amour', 'toolbar=no,location=no,directories=no,status=no,menubar=no,scrollbars=yes,resizable=no,width=500,height=500,left=100,top=100'); return false; \">Text<\/a>--><\/td>\n<\/tr>\n<tr>\n<td width=\"20\">05<\/td>\n<td align=\"left\">In der Hand <i>5:42<\/i><!-- | <a href=\"#\" onClick=\"NewWindow=window.open('http:\/\/www.tontraegerberlin.de\/texte\/jaichwei.html', 'Ja, ich weiss', 'toolbar=no,location=no,directories=no,status=no,menubar=no,scrollbars=yes,resizable=no,width=500,height=500,left=100,top=100'); return false; \">Text<\/a>--><\/td>\n<\/tr>\n<tr class=\"rot\">\n<td width=\"20\">06<\/td>\n<td align=\"left\">Gestern &#038; Du <i>2:48<\/i><!-- | <a href=\"#\" onClick=\"NewWindow=window.open('http:\/\/www.tontraegerberlin.de\/texte\/tachscha.html', 'Tach Schatz', 'toolbar=no,location=no,directories=no,status=no,menubar=no,scrollbars=yes,resizable=no,width=500,height=500,left=100,top=100'); return false; \">Text<\/a>--><\/td>\n<\/tr>\n<tr>\n<td width=\"20\">07<\/td>\n<td align=\"left\">Urte <i>2:11<\/i><!-- | <a href=\"#\" onClick=\"NewWindow=window.open('http:\/\/www.tontraegerberlin.de\/texte\/claire.html', 'Claire', 'toolbar=no,location=no,directories=no,status=no,menubar=no,scrollbars=yes,resizable=no,width=500,height=500,left=100,top=100'); return false; \">Text<\/a>--><\/td>\n<\/tr>\n<tr class=\"rot\">\n<td width=\"20\">08<\/td>\n<td align=\"left\">Lass uns reden <i>2:49<\/i><!-- | <a href=\"#\" onClick=\"NewWindow=window.open('http:\/\/www.tontraegerberlin.de\/texte\/wennmich.html', 'Wenn mich keiner sieht', 'toolbar=no,location=no,directories=no,status=no,menubar=no,scrollbars=yes,resizable=no,width=500,height=500,left=100,top=100'); return false; \">Text<\/a>--><\/td>\n<\/tr>\n<tr>\n<td width=\"20\">09<\/td>\n<td align=\"left\">Die Messe <i>2:23<\/i><!-- | <a href=\"#\" onClick=\"NewWindow=window.open('http:\/\/www.tontraegerberlin.de\/texte\/liedvoml.html', 'Lied vom Leid', 'toolbar=no,location=no,directories=no,status=no,menubar=no,scrollbars=yes,resizable=no,width=500,height=500,left=100,top=100'); return false; \">Text<\/a>--><\/td>\n<\/tr>\n<tr class=\"rot\">\n<td width=\"20\">10<\/td>\n<td align=\"left\">Manchmal <i>3:01<\/i><!-- | <a href=\"#\" onClick=\"NewWindow=window.open('http:\/\/www.tontraegerberlin.de\/texte\/marta.html', 'Marta', 'toolbar=no,location=no,directories=no,status=no,menubar=no,scrollbars=yes,resizable=no,width=500,height=500,left=100,top=100'); return false; \">Text<\/a>--><\/td>\n<\/tr>\n<\/tr>\n<\/table>\n<\/td>\n<\/tr>\n<tr>\n<td width=\"450\" colspan=\"3\"><img decoding=\"async\" loading=\"lazy\" src=\"http:\/\/www.tontraegerberlin.de\/spacer.gif\" alt=\"\" width=\"450\" height=\"40\" border=\"0\" \/><\/td>\n<\/tr>\n<tr>\n<td valign=\"top\"><a href=\"bilder\/alben\/trostlose_torten.jpg\"><img decoding=\"async\" style=\"padding: 1px;\" src=\"http:\/\/www.tontraegerberlin.de\/bilder\/alben\/trostlose_torten_klein.jpg\" alt=\"\" width=\"146\"><\/a><\/td>\n<td align=\"left\" width=\"10\"><img decoding=\"async\" loading=\"lazy\" src=\"http:\/\/www.tontraegerberlin.de\/spacer.gif\" alt=\"\" width=\"10\" height=\"1\" align=\"left\" border=\"0\"><\/td>\n<td class=\"haupt\" align=\"left\" valign=\"top\"><img decoding=\"async\" loading=\"lazy\" src=\"http:\/\/www.tontraegerberlin.de\/spacer.gif\" alt=\"\" width=\"435\" height=\"1\" border=\"0\"><\/p>\n<div class=\"mitback\" align=\"left\"><a name=\"torten\"><\/a><span style=\"color: #920000;\">Trostlose Torten<\/span><\/div>\n<p><span style=\"text-decoration: underline;\">Erschienen<\/span>: 11.06.2011<br \/>\n<span style=\"text-decoration: underline;\">Tracks<\/span>: 11 + 1 Bonus<br \/>\n<span style=\"text-decoration: underline;\">Kosten<\/span>: 10 Euro<br \/>\n<span style=\"text-decoration: underline;\">Studio<\/span>: Tongue Twist Studios<\/p>\n<p><a href=\"https:\/\/www.reimkultur-mv.de\/?SPId=tt#tt2011a\"><img decoding=\"async\" loading=\"lazy\" src=\"http:\/\/www.tontraegerberlin.de\/bilder\/bestellen.gif\" alt=\"\" width=\"106\" height=\"20\" border=\"0\" \/><\/a><\/td>\n<\/tr>\n<tr>\n<td colspan=\"3\" align=\"center\">\n<table border=\"0\" cellspacing=\"0\" cellpadding=\"0\">\n<tr>\n<td width=\"40\"><img decoding=\"async\" loading=\"lazy\" src=\"http:\/\/www.tontraegerberlin.de\/spacer.gif\" alt=\"\" width=\"40\" height=\"1\" border=\"0\" \/><\/td>\n<td width=\"450\"><img decoding=\"async\" loading=\"lazy\" src=\"http:\/\/www.tontraegerberlin.de\/spacer.gif\" alt=\"\" width=\"450\" height=\"1\" border=\"0\" \/><\/td>\n<\/tr>\n<tr>\n<td width=\"20\">01<\/td>\n<td align=\"left\">Trostlose Torten <i>3:30<\/i> | <a href=\"#\" onClick=\"NewWindow=window.open('http:\/\/www.tontraegerberlin.de\/texte\/trostlos.html', 'Trostlose Torten', 'toolbar=no,location=no,directories=no,status=no,menubar=no,scrollbars=yes,resizable=no,width=500,height=500,left=100,top=100'); return false; \">Text<\/a><\/td>\n<\/tr>\n<tr class=\"rot\">\n<td width=\"20\">02<\/td>\n<td align=\"left\">Vom Scheitern der Menschlichkeit <i>3:08<\/i> | <a href=\"#\" onClick=\"NewWindow=window.open('http:\/\/www.tontraegerberlin.de\/texte\/vomschei.html', 'Vom Scheitern der Menschlichkeit', 'toolbar=no,location=no,directories=no,status=no,menubar=no,scrollbars=yes,resizable=no,width=500,height=500,left=100,top=100'); return false; \">Text<\/a><\/td>\n<\/tr>\n<tr>\n<td width=\"20\">03<\/td>\n<td align=\"left\">Mein Testament <i>3:16<\/i> | <a href=\"#\" onClick=\"NewWindow=window.open('http:\/\/www.tontraegerberlin.de\/texte\/meintest.html', 'Mein Testament', 'toolbar=no,location=no,directories=no,status=no,menubar=no,scrollbars=yes,resizable=no,width=500,height=500,left=100,top=100'); return false; \">Text<\/a><\/td>\n<\/tr>\n<tr class=\"rot\">\n<td width=\"20\">04<\/td>\n<td align=\"left\">L&#8217;amour <i>3:45<\/i> | <a href=\"#\" onClick=\"NewWindow=window.open('http:\/\/www.tontraegerberlin.de\/texte\/lamour.html', 'L amour', 'toolbar=no,location=no,directories=no,status=no,menubar=no,scrollbars=yes,resizable=no,width=500,height=500,left=100,top=100'); return false; \">Text<\/a><\/td>\n<\/tr>\n<tr>\n<td width=\"20\">05<\/td>\n<td align=\"left\">Ja, ich wei\u00df <i>3:26<\/i> | <a href=\"#\" onClick=\"NewWindow=window.open('http:\/\/www.tontraegerberlin.de\/texte\/jaichwei.html', 'Ja, ich weiss', 'toolbar=no,location=no,directories=no,status=no,menubar=no,scrollbars=yes,resizable=no,width=500,height=500,left=100,top=100'); return false; \">Text<\/a><\/td>\n<\/tr>\n<tr class=\"rot\">\n<td width=\"20\">06<\/td>\n<td align=\"left\">Tach Schatz <i>3:04<\/i> | <a href=\"#\" onClick=\"NewWindow=window.open('http:\/\/www.tontraegerberlin.de\/texte\/tachscha.html', 'Tach Schatz', 'toolbar=no,location=no,directories=no,status=no,menubar=no,scrollbars=yes,resizable=no,width=500,height=500,left=100,top=100'); return false; \">Text<\/a><\/td>\n<\/tr>\n<tr>\n<td width=\"20\">07<\/td>\n<td align=\"left\">Claire <i>3:56<\/i> | <a href=\"#\" onClick=\"NewWindow=window.open('http:\/\/www.tontraegerberlin.de\/texte\/claire.html', 'Claire', 'toolbar=no,location=no,directories=no,status=no,menubar=no,scrollbars=yes,resizable=no,width=500,height=500,left=100,top=100'); return false; \">Text<\/a><\/td>\n<\/tr>\n<tr class=\"rot\">\n<td width=\"20\">08<\/td>\n<td align=\"left\">Wenn mich keiner sieht <i>3:26<\/i> | <a href=\"#\" onClick=\"NewWindow=window.open('http:\/\/www.tontraegerberlin.de\/texte\/wennmich.html', 'Wenn mich keiner sieht', 'toolbar=no,location=no,directories=no,status=no,menubar=no,scrollbars=yes,resizable=no,width=500,height=500,left=100,top=100'); return false; \">Text<\/a><\/td>\n<\/tr>\n<tr>\n<td width=\"20\">09<\/td>\n<td align=\"left\">Lied vom Leid <i>5:13<\/i> | <a href=\"#\" onClick=\"NewWindow=window.open('http:\/\/www.tontraegerberlin.de\/texte\/liedvoml.html', 'Lied vom Leid', 'toolbar=no,location=no,directories=no,status=no,menubar=no,scrollbars=yes,resizable=no,width=500,height=500,left=100,top=100'); return false; \">Text<\/a><\/td>\n<\/tr>\n<tr class=\"rot\">\n<td width=\"20\">10<\/td>\n<td align=\"left\">Marta <i>3:58<\/i> | <a href=\"#\" onClick=\"NewWindow=window.open('http:\/\/www.tontraegerberlin.de\/texte\/marta.html', 'Marta', 'toolbar=no,location=no,directories=no,status=no,menubar=no,scrollbars=yes,resizable=no,width=500,height=500,left=100,top=100'); return false; \">Text<\/a><\/td>\n<\/tr>\n<tr>\n<td width=\"20\">11<\/td>\n<td align=\"left\">Indierockschmalzschnulzenpop <i>3:20<\/i> | <a href=\"#\" onClick=\"NewWindow=window.open('http:\/\/www.tontraegerberlin.de\/texte\/indieroc.html', 'Indierockschmalzschnulzenpop', 'toolbar=no,location=no,directories=no,status=no,menubar=no,scrollbars=yes,resizable=no,width=500,height=500,left=100,top=100'); return false; \">Text<\/a><\/td>\n<\/tr>\n<\/table>\n<div align=\"left\" style=\"margin-top:10px;\"><b><span style=\"text-decoration: underline;\">Das sagt die Presse:<\/span><\/b><\/p>\n<p><i>[&#8230;] Ihre Songs strotzen nur so vor witzig-kreativen Reimen, die mal trotzig und mal s\u00fc\u00df, doch vor allem immer wieder \u00fcberraschend unerwartet sind. [&#8230;]<\/i><\/p>\n<p>auf <a class=\"haupt\" href=\"http:\/\/hauptstadtstudio.com\/2011\/04\/29\/alles-andere-als-trostlose-torten-tontrager-in-der-junction-bar\/\">www.hauptstadtstudio.com<\/a><\/p>\n<\/div>\n<\/td>\n<\/tr>\n<tr>\n<td width=\"450\" colspan=\"3\"><img decoding=\"async\" loading=\"lazy\" src=\"http:\/\/www.tontraegerberlin.de\/spacer.gif\" alt=\"\" width=\"450\" height=\"40\" border=\"0\" \/><\/td>\n<\/tr>\n<tr>\n<td valign=\"top\"><img decoding=\"async\" style=\"padding: 1px;\" src=\"http:\/\/www.tontraegerberlin.de\/bilder\/alben\/promo.jpg\" alt=\"\" width=\"146\" \/><\/td>\n<td align=\"left\" width=\"10\"><img decoding=\"async\" loading=\"lazy\" src=\"http:\/\/www.tontraegerberlin.de\/spacer.gif\" alt=\"\" width=\"10\" height=\"1\" align=\"left\" border=\"0\" \/><\/td>\n<td class=\"haupt\" align=\"left\" valign=\"top\"><img decoding=\"async\" loading=\"lazy\" src=\"http:\/\/www.tontraegerberlin.de\/spacer.gif\" alt=\"\" width=\"435\" height=\"1\" border=\"0\" \/><\/p>\n<div class=\"mitback\" align=\"left\">Promo CD 2011<\/div>\n<p><span style=\"text-decoration: underline;\">Erschienen<\/span>: 04.02.2011<br \/>\n<span style=\"text-decoration: underline;\">Tracks<\/span>: 5<br \/>\n<span style=\"text-decoration: underline;\">Studio<\/span>: Tongue Twist Studios<\/p>\n<p><b>Ausverkauft<\/b><br \/>\n<\/tr>\n<tr>\n<td colspan=\"3\" align=\"center\">\n<table border=\"0\" cellspacing=\"0\" cellpadding=\"0\">\n<tbody>\n<tr>\n<td width=\"40\"><img decoding=\"async\" loading=\"lazy\" src=\"http:\/\/www.tontraegerberlin.de\/spacer.gif\" alt=\"\" width=\"40\" height=\"1\" border=\"0\" \/><\/td>\n<td width=\"450\"><img decoding=\"async\" loading=\"lazy\" src=\"http:\/\/www.tontraegerberlin.de\/spacer.gif\" alt=\"\" width=\"450\" height=\"20\" border=\"0\" \/><\/td>\n<\/tr>\n<tr>\n<td width=\"20\">01<\/td>\n<td align=\"left\">Marta <i>3:54<\/i> | <a href=\"#\" onClick=\"NewWindow=window.open('http:\/\/www.tontraegerberlin.de\/texte\/marta.html', 'Marta', 'toolbar=no,location=no,directories=no,status=no,menubar=no,scrollbars=yes,resizable=no,width=500,height=500,left=100,top=100'); return false; \">Text<\/a><\/td>\n<\/tr>\n<tr class=\"rot\">\n<td width=\"20\">02<\/td>\n<td align=\"left\">Ja, ich wei\u00df <i>3:27<\/i> | <a href=\"#\" onClick=\"NewWindow=window.open('http:\/\/www.tontraegerberlin.de\/texte\/jaichwei.html', 'Ja, ich weiss', 'toolbar=no,location=no,directories=no,status=no,menubar=no,scrollbars=yes,resizable=no,width=500,height=500,left=100,top=100'); return false; \">Text<\/a><\/td>\n<\/tr>\n<tr>\n<td width=\"20\">03<\/td>\n<td align=\"left\">Shouter <i>3:04<\/i> | <a href=\"#\" onClick=\"NewWindow=window.open('http:\/\/www.tontraegerberlin.de\/texte\/shouter.html', 'Shouter', 'toolbar=no,location=no,directories=no,status=no,menubar=no,scrollbars=yes,resizable=no,width=500,height=500,left=100,top=100'); return false; \">Text<\/a><\/td>\n<\/tr>\n<tr class=\"rot\">\n<td width=\"20\">04<\/td>\n<td align=\"left\">Cry Shin Dismatchin&#8216; <i>4:02<\/i> | <a href=\"#\" onClick=\"NewWindow=window.open('http:\/\/www.tontraegerberlin.de\/texte\/cryshind.html', 'Cry Shin Dismatchin', 'toolbar=no,location=no,directories=no,status=no,menubar=no,scrollbars=yes,resizable=no,width=500,height=500,left=100,top=100'); return false; \">Text<\/a><\/td>\n<\/tr>\n<tr>\n<td width=\"20\">05<\/td>\n<td align=\"left\">Die Stadt bin ich <i>4:00<\/i> | <a href=\"#\" onClick=\"NewWindow=window.open('http:\/\/www.tontraegerberlin.de\/texte\/diestadt.html', 'Die Stadt bin ich', 'toolbar=no,location=no,directories=no,status=no,menubar=no,scrollbars=yes,resizable=no,width=500,height=500,left=100,top=100'); return false; \">Text<\/a><\/td>\n<\/tr>\n<tr>\n<td width=\"450\" colspan=\"2\"><img decoding=\"async\" loading=\"lazy\" src=\"http:\/\/www.tontraegerberlin.de\/spacer.gif\" alt=\"\" width=\"450\" height=\"40\" border=\"0\" \/><\/td>\n<\/tr>\n<\/table>\n<\/td>\n<\/tr>\n<tr>\n<td valign=\"top\"><img decoding=\"async\" style=\"padding: 1px;\" src=\"http:\/\/www.tontraegerberlin.de\/bilder\/alben\/spaem.png\" alt=\"\" width=\"146\" \/><\/td>\n<td align=\"left\" width=\"10\"><img decoding=\"async\" loading=\"lazy\" src=\"http:\/\/www.tontraegerberlin.de\/spacer.gif\" alt=\"\" width=\"10\" height=\"1\" align=\"left\" border=\"0\" \/><\/td>\n<td class=\"haupt\" align=\"left\" valign=\"top\"><img decoding=\"async\" loading=\"lazy\" src=\"http:\/\/www.tontraegerberlin.de\/spacer.gif\" alt=\"\" width=\"435\" height=\"1\" border=\"0\" \/><\/p>\n<div class=\"mitback\" align=\"left\">Sp\u00e4m<\/div>\n<p><span style=\"text-decoration: underline;\">Erschienen<\/span>: 11.07.2009<br \/>\n<span style=\"text-decoration: underline;\">Tracks<\/span>: 14 + 1 Bonus<br \/>\n<span style=\"text-decoration: underline;\">Kosten<\/span>: 10 Euro<br \/>\n<span style=\"text-decoration: underline;\">Studio<\/span>: Tongue Twist Studios<\/p>\n<p><a href=\"https:\/\/www.reimkultur-mv.de\/?SPId=tt#tt2009a\"><img decoding=\"async\" loading=\"lazy\" src=\"http:\/\/www.tontraegerberlin.de\/bilder\/bestellen.gif\" alt=\"\" width=\"106\" height=\"20\" border=\"0\" \/><\/a><\/td>\n<\/tr>\n<tr>\n<td colspan=\"3\" align=\"center\">\n<table border=\"0\" cellspacing=\"0\" cellpadding=\"0\">\n<tbody>\n<tr>\n<td width=\"40\"><img decoding=\"async\" loading=\"lazy\" src=\"http:\/\/www.tontraegerberlin.de\/spacer.gif\" alt=\"\" width=\"40\" height=\"1\" border=\"0\" \/><\/td>\n<td width=\"450\"><img decoding=\"async\" loading=\"lazy\" src=\"http:\/\/www.tontraegerberlin.de\/spacer.gif\" alt=\"\" width=\"450\" height=\"20\" border=\"0\" \/><\/td>\n<\/tr>\n<tr>\n<td width=\"20\">01<\/td>\n<td align=\"left\">1cm <i>4:01<\/i> | <a href=\"#\" onClick=\"NewWindow=window.open('http:\/\/www.tontraegerberlin.de\/texte\/1cm.html', '1cm', 'toolbar=no,location=no,directories=no,status=no,menubar=no,scrollbars=yes,resizable=no,width=500,height=500,left=100,top=100'); return false; \">Text<\/a><\/td>\n<\/tr>\n<tr class=\"rot\">\n<td width=\"20\">02<\/td>\n<td align=\"left\">Ich glaube dir nicht <i>2:56<\/i> | <a href=\"#\" onClick=\"NewWindow=window.open('http:\/\/www.tontraegerberlin.de\/texte\/ichglaub.html', 'Ich glaube dir nicht', 'toolbar=no,location=no,directories=no,status=no,menubar=no,scrollbars=yes,resizable=no,width=500,height=500,left=100,top=100'); return false; \">Text<\/a><\/td>\n<\/tr>\n<tr>\n<td width=\"20\">03<\/td>\n<td align=\"left\">M\u00e4dchen <i>3:05<\/i> | <a href=\"#\" onClick=\"NewWindow=window.open('http:\/\/www.tontraegerberlin.de\/texte\/maedchen.html', 'M\u00e4dchen', 'toolbar=no,location=no,directories=no,status=no,menubar=no,scrollbars=yes,resizable=no,width=500,height=500,left=100,top=100'); return false; \">Text<\/a><\/td>\n<\/tr>\n<tr class=\"rot\">\n<td width=\"20\">04<\/td>\n<td align=\"left\">Lass mich nicht allein <i>3:19<\/i> | <a href=\"#\" onClick=\"NewWindow=window.open('http:\/\/www.tontraegerberlin.de\/texte\/lassmich.html', 'Lass mich nicht allein', 'toolbar=no,location=no,directories=no,status=no,menubar=no,scrollbars=yes,resizable=no,width=500,height=500,left=100,top=100'); return false; \">Text<\/a><\/td>\n<\/tr>\n<tr>\n<td width=\"20\">05<\/td>\n<td align=\"left\">Shouter <i>3:12<\/i> | <a href=\"#\" onClick=\"NewWindow=window.open('http:\/\/www.tontraegerberlin.de\/texte\/shouter.html', 'Shouter', 'toolbar=no,location=no,directories=no,status=no,menubar=no,scrollbars=yes,resizable=no,width=500,height=500,left=100,top=100'); return false; \">Text<\/a><\/td>\n<\/tr>\n<tr class=\"rot\">\n<td width=\"20\">06<\/td>\n<td align=\"left\">Wann sind wir da <i>3:42<\/i> | <a href=\"#\" onClick=\"NewWindow=window.open('http:\/\/www.tontraegerberlin.de\/texte\/wannsind.html', 'Wann sind wir da', 'toolbar=no,location=no,directories=no,status=no,menubar=no,scrollbars=yes,resizable=no,width=500,height=500,left=100,top=100'); return false; \">Text<\/a><\/td>\n<\/tr>\n<tr>\n<td width=\"20\">07<\/td>\n<td align=\"left\">Es macht keinen Unterschied <i>4:05<\/i> | <a href=\"#\" onClick=\"NewWindow=window.open('http:\/\/www.tontraegerberlin.de\/texte\/esmachtk.html', 'Es macht keinen Unterschied', 'toolbar=no,location=no,directories=no,status=no,menubar=no,scrollbars=yes,resizable=no,width=500,height=500,left=100,top=100'); return false; \">Text<\/a><\/td>\n<\/tr>\n<tr class=\"rot\">\n<td width=\"20\">08<\/td>\n<td align=\"left\">Revolution <i>3:40<\/i> | <a href=\"#\" onClick=\"NewWindow=window.open('http:\/\/www.tontraegerberlin.de\/texte\/revoluti.html', 'Revolution', 'toolbar=no,location=no,directories=no,status=no,menubar=no,scrollbars=yes,resizable=no,width=500,height=500,left=100,top=100'); return false; \">Text<\/a><\/td>\n<\/tr>\n<tr>\n<td width=\"20\">09<\/td>\n<td align=\"left\">Zeit <i>4:17<\/i> | <a href=\"#\" onClick=\"NewWindow=window.open('http:\/\/www.tontraegerberlin.de\/texte\/zeit.html', 'Zeit', 'toolbar=no,location=no,directories=no,status=no,menubar=no,scrollbars=yes,resizable=no,width=500,height=500,left=100,top=100'); return false; \">Text<\/a><\/td>\n<\/tr>\n<tr class=\"rot\">\n<td width=\"20\">10<\/td>\n<td align=\"left\">Cry Shin Dismatchin&#8216; <i>4:06<\/i> | <a href=\"#\" onClick=\"NewWindow=window.open('http:\/\/www.tontraegerberlin.de\/texte\/cryshind.html', 'Cry Shin Dismatchin', 'toolbar=no,location=no,directories=no,status=no,menubar=no,scrollbars=yes,resizable=no,width=500,height=500,left=100,top=100'); return false; \">Text<\/a><\/td>\n<\/tr>\n<tr>\n<td width=\"20\">11<\/td>\n<td align=\"left\">Abhauen <i>3:00<\/i> | <a href=\"#\" onClick=\"NewWindow=window.open('http:\/\/www.tontraegerberlin.de\/texte\/abhauen.html', 'Abhauen', 'toolbar=no,location=no,directories=no,status=no,menubar=no,scrollbars=yes,resizable=no,width=500,height=500,left=100,top=100'); return false; \">Text<\/a><\/td>\n<\/tr>\n<tr class=\"rot\">\n<td width=\"20\">12<\/td>\n<td align=\"left\">Schlaf ein <i>3:28<\/i> | <a href=\"#\" onClick=\"NewWindow=window.open('http:\/\/www.tontraegerberlin.de\/texte\/schlafei.html', 'Schlaf ein', 'toolbar=no,location=no,directories=no,status=no,menubar=no,scrollbars=yes,resizable=no,width=500,height=500,left=100,top=100'); return false; \">Text<\/a><\/td>\n<\/tr>\n<tr>\n<td width=\"20\">13<\/td>\n<td align=\"left\">Rock&#8217;n&#8217;Roll Lady <i>2:47<\/i> | <a href=\"#\" onClick=\"NewWindow=window.open('http:\/\/www.tontraegerberlin.de\/texte\/rocknrol.html', 'Rock n Roll Lady', 'toolbar=no,location=no,directories=no,status=no,menubar=no,scrollbars=yes,resizable=no,width=500,height=500,left=100,top=100'); return false; \">Text<\/a><\/td>\n<\/tr>\n<tr class=\"rot\">\n<td width=\"20\">14<\/td>\n<td align=\"left\">Sp\u00e4m <i>4:10<\/i> | <a href=\"#\" onClick=\"NewWindow=window.open('http:\/\/www.tontraegerberlin.de\/texte\/spam.html', 'Sp\u00e4m', 'toolbar=no,location=no,directories=no,status=no,menubar=no,scrollbars=yes,resizable=no,width=500,height=500,left=100,top=100'); return false; \">Text<\/a><\/td>\n<\/tr>\n<\/table>\n<div align=\"left\" style=\"margin-top:10px;\"><b><span style=\"text-decoration: underline;\">Das sagt die Presse:<\/span><\/b><\/p>\n<p><i>[&#8230;] Tontr\u00e4ger w\u00fcrden komplett ohne Instrumente auskommen &#8211; und trotzdem so manches Tanzorchester einsargen. Denn selbst wer bei dem beatles-infiltrierten Sound der Jungs nicht in Bewegung kommt, der wird sich doch immerhin den Bauch halten m\u00fcssen, vor Lachen. [&#8230;]<\/i><\/p>\n<p>auf <a class=\"haupt\" href=\"http:\/\/download.fritz.de\/unsigned-baendchen\/2009\/070709_tontraeger.mp3\">Radio Fritz 102,6<\/a><\/p>\n<p><i>[&#8230;] Die Musik harmoniert sehr gut mit den Texten. Man k\u00f6nnte Tontr\u00e4ger in ihren Texten als Stammtischphilosophen mit Niveau bezeichnen, denn sie schaffen es, die allt\u00e4glichen Themen, die einen so bewegen, ironisch und gerne auch selbstironisch in den richtigen Worten zu verpacken. [&#8230;]<\/i><\/p>\n<p>auf <a class=\"haupt\" href=\"http:\/\/www.alternativmusik.de\/rezensionen\/tontrager-spam\/\">alternativmusik.de<\/a><\/p>\n<p><i>[&#8230;] &#8222;Tontr\u00e4ger&#8220; sind immer noch schwer zu umschreiben, aber das spricht absolut f\u00fcr die vier Berliner. Sehr kreativ, eindeutig mit Spa\u00df bei der Sache und auch mit &#8222;Sp\u00e4m&#8220; \u00fcberzeugend. Weiter so. [&#8230;]<\/i><\/p>\n<p>auf <a class=\"haupt\" href=\"http:\/\/www.dosenmusik.de\/infos\/cdreviews.php?review=3318\">dosenmusik.de<\/a><\/p>\n<p><i>[&#8230;] Tontr\u00e4ger singen Sachen zum Lachen. Und auch wenn&#8217;s meistens um M\u00e4dchen und Musik geht wird es nicht langweilig, denn st\u00e4ndig lauert ein neues, orginelles Wortspiel oder eine \u00fcberraschende inhaltliche Wendung in der n\u00e4chsten Zeile. Musikalisch machen Tontr\u00e4ger sympathischen Rock&#8217;n&#8217;Roll, der sicherlich auch die M\u00e4dchen in der dritten Reihe haareweise tanzen l\u00e4sst. [&#8230;]<\/i><\/p>\n<p>auf <a class=\"haupt\" href=\"http:\/\/www.getaddicted.org\/archiv\/tontraeger\/rev_spaem.php\">getaddicted.org<\/a><\/p>\n<\/div>\n<\/td>\n<\/tr>\n<\/table>\n","protected":false},"excerpt":{"rendered":"<p>Bisher ver\u00f6ffentlichte Alben In der Hand Erschienen: 02.11.2015 Tracks: 10 + 2 Bonus Kosten: 15 Euro Studio: Tongue Twist Studios 01 M\u00fcssten wir uns nicht k\u00fcssen 4:36 02 Das war nicht ich 3:22 03 Gute Reise 2:45 04 1 cm 3:20 05 In der Hand 5:42 06 Gestern &#038; Du 2:48 07 Urte 2:11 08 [&hellip;]<\/p>\n","protected":false},"author":1,"featured_media":0,"parent":0,"menu_order":0,"comment_status":"open","ping_status":"open","template":"","meta":[],"_links":{"self":[{"href":"https:\/\/www.tontraegerberlin.de\/wordpress\/index.php?rest_route=\/wp\/v2\/pages\/982"}],"collection":[{"href":"https:\/\/www.tontraegerberlin.de\/wordpress\/index.php?rest_route=\/wp\/v2\/pages"}],"about":[{"href":"https:\/\/www.tontraegerberlin.de\/wordpress\/index.php?rest_route=\/wp\/v2\/types\/page"}],"author":[{"embeddable":true,"href":"https:\/\/www.tontraegerberlin.de\/wordpress\/index.php?rest_route=\/wp\/v2\/users\/1"}],"replies":[{"embeddable":true,"href":"https:\/\/www.tontraegerberlin.de\/wordpress\/index.php?rest_route=%2Fwp%2Fv2%2Fcomments&post=982"}],"version-history":[{"count":13,"href":"https:\/\/www.tontraegerberlin.de\/wordpress\/index.php?rest_route=\/wp\/v2\/pages\/982\/revisions"}],"predecessor-version":[{"id":1326,"href":"https:\/\/www.tontraegerberlin.de\/wordpress\/index.php?rest_route=\/wp\/v2\/pages\/982\/revisions\/1326"}],"wp:attachment":[{"href":"https:\/\/www.tontraegerberlin.de\/wordpress\/index.php?rest_route=%2Fwp%2Fv2%2Fmedia&parent=982"}],"curies":[{"name":"wp","href":"https:\/\/api.w.org\/{rel}","templated":true}]}}