{"id":890,"date":"2014-08-13T09:09:25","date_gmt":"2014-08-13T07:09:25","guid":{"rendered":"http:\/\/www.tontraegerberlin.de\/wordpress\/?page_id=890"},"modified":"2023-01-10T16:41:09","modified_gmt":"2023-01-10T14:41:09","slug":"presse-booking","status":"publish","type":"page","link":"https:\/\/www.tontraegerberlin.de\/wordpress\/?page_id=890","title":{"rendered":"PRESSE &#038; BOOKING"},"content":{"rendered":"<h3>Bookingkontakt<\/h3>\n<p>&#8211;<\/p>\n<h3>Pressemappe<\/h3>\n<table width=\"595\" cellspacing=\"5\" cellpadding=\"5\" border=\"0\">\n<tbody>\n<tr style=\"height: 50px;\">\n<td width=\"42\"><a class=\"haupt\" href=\"https:\/\/tontraegerberlin.de\/presse\/tontraeger_presse.rar\"><br \/>\n<\/a><a class=\"haupt\" href=\"https:\/\/tontraegerberlin.de\/presse\/tontraeger_presse.rar\"><img decoding=\"async\" loading=\"lazy\" class=\"alignnone\" src=\"https:\/\/tontraegerberlin.de\/bilder\/rar.png\" alt=\"\" width=\"42\" height=\"34\" border=\"0\"><\/a><\/td>\n<td>Pressemappe mit Bandinfo, Logo und Fotos<\/td>\n<\/tr>\n<tr style=\"height: 50px;\">\n<td width=\"42\"><a class=\"haupt\" href=\"https:\/\/tontraegerberlin.de\/presse\/tontraeger_info.doc\"><br \/>\n<\/a><a class=\"haupt\" href=\"https:\/\/tontraegerberlin.de\/presse\/tontraeger_info.doc\"><img decoding=\"async\" loading=\"lazy\" class=\"alignnone\" src=\"https:\/\/tontraegerberlin.de\/bilder\/doc.png\" alt=\"\" width=\"37\" height=\"45\" border=\"0\"><\/a><\/td>\n<td align=\"left\"><b>Bandinfo<\/b> f\u00fcr Presse und Veranstalter<\/td>\n<\/tr>\n<\/tbody>\n<\/table>\n<h3>Fotos<\/h3>\n<table width=\"595\" cellspacing=\"5\" cellpadding=\"5\" border=\"0\">\n<tbody>\n<tr>\n<td width=\"200\"><a class=\"haupt\" href=\"https:\/\/tontraegerberlin.de\/presse\/tontraeger1.jpg\"><br \/>\n<\/a><a class=\"haupt\" href=\"https:\/\/tontraegerberlin.de\/presse\/tontraeger1.jpg\"><img decoding=\"async\" loading=\"lazy\" class=\"alignnone\" src=\"https:\/\/tontraegerberlin.de\/presse\/tontraeger1klein.jpg\" alt=\"0\" width=\"200\" height=\"200\" border=\"0\"><\/a><\/td>\n<td width=\"395\" align=\"left\"><a class=\"haupt\" href=\"https:\/\/tontraegerberlin.de\/presse\/tontraeger1.jpg\">Foto 1 (JPG)<\/a><\/td>\n<\/tr>\n<tr>\n<td width=\"200\"><a class=\"haupt\" href=\"https:\/\/tontraegerberlin.de\/presse\/tontraeger3.jpg\"><br \/>\n<\/a><a class=\"haupt\" href=\"https:\/\/tontraegerberlin.de\/presse\/tontraeger3.jpg\"><img decoding=\"async\" loading=\"lazy\" class=\"alignnone\" src=\"https:\/\/tontraegerberlin.de\/presse\/tontraeger3klein.jpg\" alt=\"0\" width=\"200\" height=\"300\" border=\"0\"><\/a><\/td>\n<td width=\"395\" align=\"left\"><a class=\"haupt\" href=\"https:\/\/tontraegerberlin.de\/presse\/tontraeger3.jpg\">Foto 2 (JPG)<\/a><\/td>\n<\/tr>\n<tr>\n<td width=\"200\"><a class=\"haupt\" href=\"https:\/\/tontraegerberlin.de\/presse\/tontraeger4.jpg\"><br \/>\n<\/a><a class=\"haupt\" href=\"https:\/\/tontraegerberlin.de\/presse\/tontraeger4.jpg\"><img decoding=\"async\" loading=\"lazy\" class=\"alignnone\" src=\"https:\/\/tontraegerberlin.de\/presse\/tontraeger4klein.jpg\" alt=\"0\" width=\"200\" height=\"133\" border=\"0\"><\/a><\/td>\n<td width=\"395\" align=\"left\"><a class=\"haupt\" href=\"https:\/\/tontraegerberlin.de\/presse\/tontraeger4.jpg\">Foto 3 (JPG)<\/a><\/td>\n<\/tr>\n<tr>\n<td width=\"200\"><a class=\"haupt\" href=\"https:\/\/tontraegerberlin.de\/presse\/tontraeger-live1.jpg\"><br \/>\n<\/a><a class=\"haupt\" href=\"https:\/\/tontraegerberlin.de\/presse\/tontraeger-live1.jpg\"><img decoding=\"async\" loading=\"lazy\" class=\"alignnone\" src=\"https:\/\/tontraegerberlin.de\/presse\/tontraeger-live1klein.jpg\" alt=\"0\" width=\"200\" height=\"133\" border=\"0\"><\/a><\/td>\n<td width=\"395\" align=\"left\"><a class=\"haupt\" href=\"https:\/\/tontraegerberlin.de\/presse\/tontraeger-live1.jpg\">Foto Live 1 (JPG)<\/a><\/td>\n<\/tr>\n<tr>\n<td width=\"200\"><a class=\"haupt\" href=\"https:\/\/tontraegerberlin.de\/presse\/tontraeger-live2.jpg\"><br \/>\n<\/a><a class=\"haupt\" href=\"https:\/\/tontraegerberlin.de\/presse\/tontraeger-live2.jpg\"><img decoding=\"async\" loading=\"lazy\" class=\"alignnone\" src=\"https:\/\/tontraegerberlin.de\/presse\/tontraeger-live2klein.jpg\" alt=\"0\" width=\"200\" height=\"133\" border=\"0\"><\/a><\/td>\n<td width=\"395\" align=\"left\"><a class=\"haupt\" href=\"https:\/\/tontraegerberlin.de\/presse\/tontraeger-live2.jpg\">Foto Live 2 (JPG)<\/a><\/td>\n<\/tr>\n<\/tbody>\n<\/table>\n<p>Verwendung der Fotos f\u00fcr Ank\u00fcndigungen u.\u00e4. honorarfrei. Bei redaktioneller Nutzung bitte R\u00fccksprache und ggf. Honorar.<br \/>\nUrheberrechtsvermerk f\u00fcr 1: &#8222;Foto: Jan Eric Euler&#8220;, f\u00fcr 2 &amp; 3: &#8222;Foto: Franziska Allner&#8220;, f\u00fcr Live 1&amp;2: &#8222;Foto: Arthur Brell&#8220;.<\/p>\n<h3>Logo<\/h3>\n<table width=\"595\" cellspacing=\"5\" cellpadding=\"5\" border=\"0\">\n<tbody>\n<tr>\n<td width=\"200\"><a class=\"haupt\" href=\"https:\/\/tontraegerberlin.de\/presse\/tontraeger_logo_weiss.png\"><br \/>\n<img decoding=\"async\" src=\"https:\/\/tontraegerberlin.de\/presse\/tontraeger_logo_weiss.png\" alt=\"0\" width=\"200\" border=\"0\"><\/a><\/td>\n<td width=\"395\" align=\"left\"><a class=\"haupt\" href=\"https:\/\/tontraegerberlin.de\/presse\/tontraeger_logo_weiss.png\">Logo wei\u00df (PNG)<\/a><\/td>\n<\/tr>\n<tr>\n<td width=\"200\"><a class=\"haupt\" href=\"https:\/\/tontraegerberlin.de\/presse\/tontraeger_logo_schwarz.png\"><br \/>\n<img decoding=\"async\" src=\"https:\/\/tontraegerberlin.de\/presse\/tontraeger_logo_schwarz.png\" alt=\"0\" width=\"200\" border=\"0\"><\/a><\/td>\n<td width=\"395\" align=\"left\"><a class=\"haupt\" href=\"https:\/\/tontraegerberlin.de\/presse\/tontraeger_logo_schwarz.png\">Logo schwarz (PNG)<\/a><\/td>\n<\/tr>\n<\/tbody>\n<\/table>\n<h3>Technik-Rider<\/h3>\n<table width=\"595\" cellspacing=\"5\" cellpadding=\"5\" border=\"0\">\n<tbody>\n<tr style=\"height: 50px;\">\n<td width=\"42\"><a class=\"haupt\" href=\"https:\/\/tontraegerberlin.de\/presse\/tontraeger_buehnenanweisung.pdf\"><br \/>\n<\/a><a class=\"haupt\" href=\"https:\/\/tontraegerberlin.de\/presse\/tontraeger_buehnenanweisung.pdf\"><img decoding=\"async\" loading=\"lazy\" class=\"alignnone\" src=\"https:\/\/tontraegerberlin.de\/bilder\/pdf.png\" alt=\"\" width=\"42\" height=\"34\" border=\"0\"><\/a><\/td>\n<td>B\u00fchnenanweisung<\/td>\n<\/tr>\n<tr style=\"height: 50px;\">\n<td width=\"42\"><a class=\"haupt\" href=\"https:\/\/tontraegerberlin.de\/presse\/tontraeger_patchlist.pdf\"><br \/>\n<\/a><a class=\"haupt\" href=\"https:\/\/tontraegerberlin.de\/presse\/tontraeger_patchlist.pdf\"><img decoding=\"async\" loading=\"lazy\" class=\"alignnone\" src=\"https:\/\/tontraegerberlin.de\/bilder\/pdf.png\" alt=\"\" width=\"42\" height=\"34\" border=\"0\"><\/a><\/td>\n<td>Patchlist<\/td>\n<\/tr>\n<\/tbody>\n<\/table>\n","protected":false},"excerpt":{"rendered":"<p>Bookingkontakt &#8211; Pressemappe Pressemappe mit Bandinfo, Logo und Fotos Bandinfo f\u00fcr Presse und Veranstalter Fotos Foto 1 (JPG) Foto 2 (JPG) Foto 3 (JPG) Foto Live 1 (JPG) Foto Live 2 (JPG) Verwendung der Fotos f\u00fcr Ank\u00fcndigungen u.\u00e4. honorarfrei. Bei redaktioneller Nutzung bitte R\u00fccksprache und ggf. Honorar. Urheberrechtsvermerk f\u00fcr 1: &#8222;Foto: Jan Eric Euler&#8220;, f\u00fcr [&hellip;]<\/p>\n","protected":false},"author":1,"featured_media":0,"parent":0,"menu_order":0,"comment_status":"open","ping_status":"open","template":"","meta":[],"_links":{"self":[{"href":"https:\/\/www.tontraegerberlin.de\/wordpress\/index.php?rest_route=\/wp\/v2\/pages\/890"}],"collection":[{"href":"https:\/\/www.tontraegerberlin.de\/wordpress\/index.php?rest_route=\/wp\/v2\/pages"}],"about":[{"href":"https:\/\/www.tontraegerberlin.de\/wordpress\/index.php?rest_route=\/wp\/v2\/types\/page"}],"author":[{"embeddable":true,"href":"https:\/\/www.tontraegerberlin.de\/wordpress\/index.php?rest_route=\/wp\/v2\/users\/1"}],"replies":[{"embeddable":true,"href":"https:\/\/www.tontraegerberlin.de\/wordpress\/index.php?rest_route=%2Fwp%2Fv2%2Fcomments&post=890"}],"version-history":[{"count":39,"href":"https:\/\/www.tontraegerberlin.de\/wordpress\/index.php?rest_route=\/wp\/v2\/pages\/890\/revisions"}],"predecessor-version":[{"id":1454,"href":"https:\/\/www.tontraegerberlin.de\/wordpress\/index.php?rest_route=\/wp\/v2\/pages\/890\/revisions\/1454"}],"wp:attachment":[{"href":"https:\/\/www.tontraegerberlin.de\/wordpress\/index.php?rest_route=%2Fwp%2Fv2%2Fmedia&parent=890"}],"curies":[{"name":"wp","href":"https:\/\/api.w.org\/{rel}","templated":true}]}}