{"id":845,"date":"2014-07-25T20:57:24","date_gmt":"2014-07-25T18:57:24","guid":{"rendered":"http:\/\/www.tontraegerberlin.de\/wordpress\/?page_id=845"},"modified":"2017-04-30T17:18:04","modified_gmt":"2017-04-30T15:18:04","slug":"band","status":"publish","type":"page","link":"https:\/\/www.tontraegerberlin.de\/wordpress\/?page_id=845","title":{"rendered":"BAND"},"content":{"rendered":"<p><\/p>\n<div align=\"center\"><img decoding=\"async\" src=\"http:\/\/www.tontraegerberlin.de\/presse\/tontraeger4mittelklein.jpg\" alt=\"\" border=\"0\" width=\"400\"><\/p>\n<p><\/p>\n<p align=\"center\">Programm:<br \/><font size=\"5\"><b>ALLES SITZT<\/b><\/font><br \/>\nRock&#8217;n&#8217;Roll zwischen den St\u00fchlen <\/p>\n<\/div>\n<p align=\"justify\">\n<b>Tontr\u00e4ger<\/b> Tontr\u00e4ger sind zur\u00fcck &#8211; mit neuem Programm. Die Berliner \u201eWundert\u00fcten-Combo\u201c (Tagesspiegel) schreibt \u201eRock&#8217;n&#8217;Roll\u201c auf&#8217;s Plakat, macht es sich aber trotzdem zwischen den Genre-St\u00fchlen bequem. Und l\u00e4sst offen, ob man dazu tanzen, gebannt lauschen oder Unterw\u00e4sche auf die B\u00fchne werfen soll \u2013 die Entscheidungen liegen beim Publikum. Muss das sein? Tontr\u00e4ger sagen: Vielleicht! Was im Titel des ersten Programms \u201eLeiser L\u00e4rm\u201c schon als Zwiespalt angelegt war, erheben sie nun zum Konzept: \u201eAlles sitzt\u201c ist noch lauter. Noch leiser. Und ganz entschieden f\u00fcr die Unentschlossenheit.<\/p>\n<p>Auf dem Weg dahin marschieren sie durch die ganze Bandbreite menschlicher Agregatzust\u00e4nde: Mal Endorphinen-Party, mal Schaumbad im Selbstmitleid. Verzweiflung? Ja! Aber nie klang Verzweiflung so beschwingt. Dazu: Satter Sound. Und Texte, die mehr als nur Pointen-Hunger stillen. Kurz: Lieder, wie man sie sich schon immer gew\u00fcnscht hat.<br \/>\nW\u00e4ren da nicht diese st\u00e4ndigen Dilemmata&#8230; Jagen oder gejagt werden? Grinsen oder gruseln? Rumstehen oder liegenbleiben? Oder doch lieber den Saal verlassen? Ab jetzt werden darauf keine Antworten mehr gegeben. Tontr\u00e4ger sind gekommen, um zu zweifeln. Und alles sitzt.<\/p>\n<p><\/br><\/br><\/p>\n<p><\/p>\n<div align=\"center\"><img decoding=\"async\" src=\"http:\/\/www.tontraegerberlin.de\/presse\/tontraeger1mittel.jpg\" alt=\"\" border=\"0\" width=\"400\"><\/p>\n<p><\/p>\n<p align=\"center\">Programm:<br \/><font size=\"5\"><b>LEISER L\u00c4RM<\/b><\/font><br \/>\nRock&#8217;n&#8217;Roll &#038; Schabernack <\/p>\n<\/div>\n<p align=\"justify\">\n<b>Tontr\u00e4ger<\/b> ist eine w\u00fcste Rock&#8217;n&#8217;Roll-Band, die neben allerlei sittenwidrigem Unfug vor allem L\u00e4rm macht. L\u00e4rm, bei dem allerdings Platz genug daf\u00fcr bleibt, sich mit Brillen, schlechten Ausreden und der Frage zu besch\u00e4ftigen, wie man Beleidigungen in ein Liebeslied schmuggelt. L\u00e4rm, der im Grunde recht harmonisch anmutet und gelegentlich auch a cappella erklingt. L\u00e4rm, der wohl \u201eBlues\u201c genannt werden k\u00f6nnte, wenn er etwas weniger gut gelaunt daher k\u00e4me. Leiser L\u00e4rm. Solchen, den Elvis gemacht h\u00e4tte, w\u00e4re es ihm eingefallen, die H\u00fcfte schwingend \u00fcber Enthaltsamkeit zu singen. Eigentlich m\u00f6chte man auch ein bisschen dazu tanzen, denkt der Hirsch bei sich. Kein Problem. Es darf reuelos getwistet, gestampft und geschunkelt werden. Aber bitte nur im Sitzen.<\/p>\n<p><b>Das sagen andere:<\/b><br \/>\n<i>&#8222;Wer sich von Tontr\u00e4ger an die jungen Beatles erinnert f\u00fchlt, liegt goldrichtig. Variante: deutsch und lustig!&#8220;<\/i> (Info Radio vom RBB)<\/p>\n<p><i>&#8222;Tontr\u00e4ger sind abgefahren, grandios, phantastisch. Die Jungs spr\u00fchen vor Energie, ihre Texte sind klug und gut gereimt und die Musik macht unglaublich viel Spa\u00df.&#8220; <\/i> (Bodo Wartke)<\/p>\n<p><i>&#8222;Tontr\u00e4ger w\u00fcrden komplett ohne Instrumente auskommen &#8211; und trotzdem so manches Tanzorchester einsargen. Denn selbst wer bei dem beatles-infiltrierten Sound der Jungs nicht in Bewegung kommt, der wird sich doch immerhin den Bauch halten m\u00fcssen, vor Lachen.&#8220; (Radio Fritz vom RBB)<\/p>\n<p><i>&#8222;Das ist kein stupider Schei\u00df, das ist hochwertiger Schei\u00df!&#8220;<\/i> (Stumpen, Knorkator)<\/p>\n<div style=\"position: relative; min-width: 611px; left:-20px;\">\n<p>                        <!-- JONATHAN --><\/p>\n<p>                        <a href=\"mailto:jonathan@tontraegerberlin.de\"><img decoding=\"async\" src=\"http:\/\/www.tontraegerberlin.de\/bilder\/b_jonathan.png\" width=\"146\" border=\"0\" alt=\"\" onmouseover=\"this.src='http:\/\/www.tontraegerberlin.de\/bilder\/b_jonathan-h.png'\"  onmouseout=\"this.src='http:\/\/www.tontraegerberlin.de\/bilder\/b_jonathan.png'\"><\/a><!-- DANIEL --><a href=\"mailto:daniel@tontraegerberlin.de\"><img decoding=\"async\" src=\"http:\/\/www.tontraegerberlin.de\/bilder\/b_daniel.png\" width=\"146\" border=\"0\" alt=\"\" onmouseover=\"this.src='http:\/\/www.tontraegerberlin.de\/bilder\/b_daniel-h.png'\"  onmouseout=\"this.src='http:\/\/www.tontraegerberlin.de\/bilder\/b_daniel.png'\"><\/a><!-- JOHANNES --> <a href=\"mailto:johannes@tontraegerberlin.de\"><img decoding=\"async\" src=\"http:\/\/www.tontraegerberlin.de\/bilder\/b_johannes.png\" width=\"146\" border=\"0\" alt=\"\" onmouseover=\"this.src='http:\/\/www.tontraegerberlin.de\/bilder\/b_johannes-h.png'\"  onmouseout=\"this.src='http:\/\/www.tontraegerberlin.de\/bilder\/b_johannes.png'\"><\/a> <!-- LENNART --><a href=\"mailto:lennart@tontraegerberlin.de\"><img decoding=\"async\" src=\"http:\/\/www.tontraegerberlin.de\/bilder\/b_lennart.png\" width=\"146\" border=\"0\" alt=\"\" onmouseover=\"this.src='http:\/\/www.tontraegerberlin.de\/bilder\/b_lennart-h.png'\"  onmouseout=\"this.src='http:\/\/www.tontraegerberlin.de\/bilder\/b_lennart.png'\"><\/a>  <\/div>\n","protected":false},"excerpt":{"rendered":"<p>Programm:ALLES SITZT Rock&#8217;n&#8217;Roll zwischen den St\u00fchlen Tontr\u00e4ger Tontr\u00e4ger sind zur\u00fcck &#8211; mit neuem Programm. Die Berliner \u201eWundert\u00fcten-Combo\u201c (Tagesspiegel) schreibt \u201eRock&#8217;n&#8217;Roll\u201c auf&#8217;s Plakat, macht es sich aber trotzdem zwischen den Genre-St\u00fchlen bequem. Und l\u00e4sst offen, ob man dazu tanzen, gebannt lauschen oder Unterw\u00e4sche auf die B\u00fchne werfen soll \u2013 die Entscheidungen liegen beim Publikum. Muss das [&hellip;]<\/p>\n","protected":false},"author":1,"featured_media":0,"parent":0,"menu_order":0,"comment_status":"open","ping_status":"open","template":"","meta":[],"_links":{"self":[{"href":"https:\/\/www.tontraegerberlin.de\/wordpress\/index.php?rest_route=\/wp\/v2\/pages\/845"}],"collection":[{"href":"https:\/\/www.tontraegerberlin.de\/wordpress\/index.php?rest_route=\/wp\/v2\/pages"}],"about":[{"href":"https:\/\/www.tontraegerberlin.de\/wordpress\/index.php?rest_route=\/wp\/v2\/types\/page"}],"author":[{"embeddable":true,"href":"https:\/\/www.tontraegerberlin.de\/wordpress\/index.php?rest_route=\/wp\/v2\/users\/1"}],"replies":[{"embeddable":true,"href":"https:\/\/www.tontraegerberlin.de\/wordpress\/index.php?rest_route=%2Fwp%2Fv2%2Fcomments&post=845"}],"version-history":[{"count":13,"href":"https:\/\/www.tontraegerberlin.de\/wordpress\/index.php?rest_route=\/wp\/v2\/pages\/845\/revisions"}],"predecessor-version":[{"id":1347,"href":"https:\/\/www.tontraegerberlin.de\/wordpress\/index.php?rest_route=\/wp\/v2\/pages\/845\/revisions\/1347"}],"wp:attachment":[{"href":"https:\/\/www.tontraegerberlin.de\/wordpress\/index.php?rest_route=%2Fwp%2Fv2%2Fmedia&parent=845"}],"curies":[{"name":"wp","href":"https:\/\/api.w.org\/{rel}","templated":true}]}}