{"id":1022,"date":"2014-10-06T11:06:17","date_gmt":"2014-10-06T09:06:17","guid":{"rendered":"http:\/\/www.tontraegerberlin.de\/wordpress\/?page_id=1022"},"modified":"2021-04-19T13:26:33","modified_gmt":"2021-04-19T11:26:33","slug":"shop","status":"publish","type":"page","link":"https:\/\/www.tontraegerberlin.de\/wordpress\/?page_id=1022","title":{"rendered":"SHOP"},"content":{"rendered":"<form action=\"http:\/\/www.onlex.de\/_formmailer.php?username=Tontraeger\" enctype=\"application\/x-www-form-urlencoded\" method=\"post\" name=\"shop\"><input name=\"subject\" type=\"hidden\" value=\"TONTRAEGER-SHOP - Bestellung\" \/><br \/><input name=\"admin\" type=\"hidden\" value=\"bestellen@tontraegerberlin.de\" \/>\n<p>\u00a0<\/p>\n<p style=\"text-align: left;\">Tontr\u00e4ger hat sich aus dem aktiven Band-Leben zur\u00fcckgezogen, deshalb lohnt es sich f\u00fcr uns nicht mehr, einen Shop zu unterhalten. Auf Spotify &amp; Co sind wir nach wie vor online zu finden. Wer Interesse hat, unsere Musik physisch zu erwerben, kann gerne eine Mail mit <strong>der\/den gew\u00fcnschten<\/strong> <strong>CD(s)<\/strong> und einer<strong> Versandadresse <\/strong>an <a href=\"mailto:lennart@tontraegerberlin.de\">lennart [\u00c4T] tontraegerberlin [PUNKT] de<\/a> schreiben, dann schicke ich euch unsere Kontodaten und nach erfolgter \u00dcberweisung die CDs zu.<\/p>\n<p style=\"text-align: left;\">Viele Gr\u00fc\u00dfe,<br \/>Lennart<br \/>TONTR\u00c4GER<\/p>\n<p><span style=\"text-decoration: underline;\">Noch verf\u00fcgbar:<\/span><\/p>\n<\/form>\n\n\n<div class=\"wp-block-image\"><figure class=\"alignleft\"><a href=\"http:\/\/www.tontraegerberlin.de\/wordpress\/wp-content\/uploads\/LLL-Cover-Quadrat-CD-DVD.jpg\"><img decoding=\"async\" loading=\"lazy\" width=\"150\" height=\"150\" src=\"http:\/\/www.tontraegerberlin.de\/wordpress\/wp-content\/uploads\/LLL-Cover-Quadrat-CD-DVD-150x150.jpg\" alt=\"\" class=\"wp-image-1342\" srcset=\"https:\/\/www.tontraegerberlin.de\/wordpress\/wp-content\/uploads\/LLL-Cover-Quadrat-CD-DVD-150x150.jpg 150w, https:\/\/www.tontraegerberlin.de\/wordpress\/wp-content\/uploads\/LLL-Cover-Quadrat-CD-DVD-300x300.jpg 300w, https:\/\/www.tontraegerberlin.de\/wordpress\/wp-content\/uploads\/LLL-Cover-Quadrat-CD-DVD-1024x1024.jpg 1024w\" sizes=\"(max-width: 150px) 100vw, 150px\" \/><\/a><figcaption><strong>Leiser L\u00e4rm<\/strong> <br>(Live-CD + DVD, 2017)<\/figcaption><\/figure><\/div>\n\n\n\n<div class=\"wp-block-image\"><figure class=\"alignleft\"><a href=\"http:\/\/www.tontraegerberlin.de\/wordpress\/wp-content\/uploads\/Tontrager_In-der-Hand_Cover.jpg\"><img decoding=\"async\" loading=\"lazy\" width=\"150\" height=\"150\" src=\"http:\/\/www.tontraegerberlin.de\/wordpress\/wp-content\/uploads\/Tontrager_In-der-Hand_Cover-150x150.jpg\" alt=\"In der Hand-Cover\" class=\"wp-image-1271\"\/><\/a><figcaption><strong>In der Hand<\/strong> <br>(CD, 2015)<\/figcaption><\/figure><\/div>\n\n\n\n<div class=\"wp-block-image\"><figure class=\"alignleft\"><a href=\"http:\/\/www.tontraegerberlin.de\/wordpress\/wp-content\/uploads\/torten.jpg\"><img decoding=\"async\" loading=\"lazy\" width=\"150\" height=\"150\" src=\"http:\/\/www.tontraegerberlin.de\/wordpress\/wp-content\/uploads\/torten-150x150.jpg\" alt=\"\" class=\"wp-image-1439\" srcset=\"https:\/\/www.tontraegerberlin.de\/wordpress\/wp-content\/uploads\/torten-150x150.jpg 150w, https:\/\/www.tontraegerberlin.de\/wordpress\/wp-content\/uploads\/torten-300x300.jpg 300w, https:\/\/www.tontraegerberlin.de\/wordpress\/wp-content\/uploads\/torten.jpg 327w\" sizes=\"(max-width: 150px) 100vw, 150px\" \/><\/a><figcaption><strong>Trostlose Torten<\/strong><br>(CD, 2011)<\/figcaption><\/figure><\/div>\n\n\n\n<div class=\"wp-block-image\"><figure class=\"alignleft\"><a href=\"http:\/\/www.tontraegerberlin.de\/wordpress\/wp-content\/uploads\/sp\u00e4m.jpg\"><img decoding=\"async\" loading=\"lazy\" width=\"150\" height=\"150\" src=\"http:\/\/www.tontraegerberlin.de\/wordpress\/wp-content\/uploads\/sp\u00e4m-150x150.jpg\" alt=\"\" class=\"wp-image-1440\" srcset=\"https:\/\/www.tontraegerberlin.de\/wordpress\/wp-content\/uploads\/sp\u00e4m-150x150.jpg 150w, https:\/\/www.tontraegerberlin.de\/wordpress\/wp-content\/uploads\/sp\u00e4m-300x297.jpg 300w, https:\/\/www.tontraegerberlin.de\/wordpress\/wp-content\/uploads\/sp\u00e4m.jpg 330w\" sizes=\"(max-width: 150px) 100vw, 150px\" \/><\/a><figcaption><strong>Sp\u00e4m<\/strong><br>(CD, 2009)<\/figcaption><\/figure><\/div>\n","protected":false},"excerpt":{"rendered":"<p>\u00a0 Tontr\u00e4ger hat sich aus dem aktiven Band-Leben zur\u00fcckgezogen, deshalb lohnt es sich f\u00fcr uns nicht mehr, einen Shop zu unterhalten. Auf Spotify &amp; Co sind wir nach wie vor online zu finden. Wer Interesse hat, unsere Musik physisch zu erwerben, kann gerne eine Mail mit der\/den gew\u00fcnschten CD(s) und einer Versandadresse an lennart [\u00c4T] [&hellip;]<\/p>\n","protected":false},"author":1,"featured_media":0,"parent":0,"menu_order":0,"comment_status":"open","ping_status":"open","template":"","meta":[],"_links":{"self":[{"href":"https:\/\/www.tontraegerberlin.de\/wordpress\/index.php?rest_route=\/wp\/v2\/pages\/1022"}],"collection":[{"href":"https:\/\/www.tontraegerberlin.de\/wordpress\/index.php?rest_route=\/wp\/v2\/pages"}],"about":[{"href":"https:\/\/www.tontraegerberlin.de\/wordpress\/index.php?rest_route=\/wp\/v2\/types\/page"}],"author":[{"embeddable":true,"href":"https:\/\/www.tontraegerberlin.de\/wordpress\/index.php?rest_route=\/wp\/v2\/users\/1"}],"replies":[{"embeddable":true,"href":"https:\/\/www.tontraegerberlin.de\/wordpress\/index.php?rest_route=%2Fwp%2Fv2%2Fcomments&post=1022"}],"version-history":[{"count":37,"href":"https:\/\/www.tontraegerberlin.de\/wordpress\/index.php?rest_route=\/wp\/v2\/pages\/1022\/revisions"}],"predecessor-version":[{"id":1447,"href":"https:\/\/www.tontraegerberlin.de\/wordpress\/index.php?rest_route=\/wp\/v2\/pages\/1022\/revisions\/1447"}],"wp:attachment":[{"href":"https:\/\/www.tontraegerberlin.de\/wordpress\/index.php?rest_route=%2Fwp%2Fv2%2Fmedia&parent=1022"}],"curies":[{"name":"wp","href":"https:\/\/api.w.org\/{rel}","templated":true}]}}