{"id":1011,"date":"2014-10-06T10:31:23","date_gmt":"2014-10-06T08:31:23","guid":{"rendered":"http:\/\/www.tontraegerberlin.de\/wordpress\/?page_id=1011"},"modified":"2023-11-18T17:32:19","modified_gmt":"2023-11-18T15:32:19","slug":"kontakt","status":"publish","type":"page","link":"https:\/\/www.tontraegerberlin.de\/wordpress\/?page_id=1011","title":{"rendered":"KONTAKT"},"content":{"rendered":"<p><b>Allgemeines,<\/b> Fragen, W\u00fcnsche und Anregungen an:<br \/>\n<a href=\"mailto:lennart@tontraegerberlin.de\"><span style=\"color: #000000;\">lennart [<\/span><\/a><span style=\"color: #000000;\">at<\/span><a href=\"mailto:lennart@tontraegerberlin.de\"><span style=\"color: #000000;\">] tontraegerberlin.de<\/span><\/a><\/p>\n<p><b>Booking:<\/b><\/p>\n<p>Tontr\u00e4ger ist nicht l\u00e4nger aktiv, keine Booking-Anfragen m\u00f6glich.<\/p>\n<p><b>Disclaimer:<\/b><\/p>\n<p>Trotz sorgf\u00e4ltigster \u00dcberpr\u00fcfung der Inhalte von extern verlinkten Seiten w\u00fcrden wir unsere H\u00e4nde nicht daf\u00fcr ins Feuer legen, dass sie (die Inhalte) dort, wo wir hinverlinken, immer das Gelbe vom Ei sind. Deswegen sind wir auch froh, uns mit Hilfe eines entsprechenden Paragraphen, den wir leider nicht auswendig wissen, von eben diesen distanzieren zu d\u00fcrfen, was wir hiermit tun &#8211; f\u00fcr die Inhalte von verlinkten Seiten sind n\u00e4mlich nur deren Betreiber verantwortlich, da haben wir nichts mit am Hut. Selbiges gilt f\u00fcr die Links, die Besucher im B\u00e4ndfunk oder im G\u00e4stebuch hinterlassen, da haften wir ja schon mal gleich GAR nicht f\u00fcr!<\/p>\n","protected":false},"excerpt":{"rendered":"<p>Allgemeines, Fragen, W\u00fcnsche und Anregungen an: lennart [at] tontraegerberlin.de Booking: Tontr\u00e4ger ist nicht l\u00e4nger aktiv, keine Booking-Anfragen m\u00f6glich. Disclaimer: Trotz sorgf\u00e4ltigster \u00dcberpr\u00fcfung der Inhalte von extern verlinkten Seiten w\u00fcrden wir unsere H\u00e4nde nicht daf\u00fcr ins Feuer legen, dass sie (die Inhalte) dort, wo wir hinverlinken, immer das Gelbe vom Ei sind. Deswegen sind wir auch [&hellip;]<\/p>\n","protected":false},"author":1,"featured_media":0,"parent":0,"menu_order":0,"comment_status":"open","ping_status":"open","template":"","meta":[],"_links":{"self":[{"href":"https:\/\/www.tontraegerberlin.de\/wordpress\/index.php?rest_route=\/wp\/v2\/pages\/1011"}],"collection":[{"href":"https:\/\/www.tontraegerberlin.de\/wordpress\/index.php?rest_route=\/wp\/v2\/pages"}],"about":[{"href":"https:\/\/www.tontraegerberlin.de\/wordpress\/index.php?rest_route=\/wp\/v2\/types\/page"}],"author":[{"embeddable":true,"href":"https:\/\/www.tontraegerberlin.de\/wordpress\/index.php?rest_route=\/wp\/v2\/users\/1"}],"replies":[{"embeddable":true,"href":"https:\/\/www.tontraegerberlin.de\/wordpress\/index.php?rest_route=%2Fwp%2Fv2%2Fcomments&post=1011"}],"version-history":[{"count":13,"href":"https:\/\/www.tontraegerberlin.de\/wordpress\/index.php?rest_route=\/wp\/v2\/pages\/1011\/revisions"}],"predecessor-version":[{"id":1457,"href":"https:\/\/www.tontraegerberlin.de\/wordpress\/index.php?rest_route=\/wp\/v2\/pages\/1011\/revisions\/1457"}],"wp:attachment":[{"href":"https:\/\/www.tontraegerberlin.de\/wordpress\/index.php?rest_route=%2Fwp%2Fv2%2Fmedia&parent=1011"}],"curies":[{"name":"wp","href":"https:\/\/api.w.org\/{rel}","templated":true}]}}